{"id":5768,"date":"2021-10-14T10:57:48","date_gmt":"2021-10-14T13:57:48","guid":{"rendered":"https:\/\/www.cine.org.br\/?page_id=5768"},"modified":"2021-10-14T10:57:48","modified_gmt":"2021-10-14T13:57:48","slug":"localizacao","status":"publish","type":"page","link":"https:\/\/www.cine.org.br\/pb\/localizacao\/","title":{"rendered":"Localiza\u00e7\u00e3o"},"content":{"rendered":"<p>Os recursos humanos e laboratoriais do CINE est\u00e3o distribu\u00eddos em 8 institui\u00e7\u00f5es de pesquisa, localizadas em 7 cidades do estado de S\u00e3o Paulo (Brasil).<\/p>\n<p><img loading=\"lazy\" decoding=\"async\" class=\"aligncenter size-full wp-image-5769\" src=\"https:\/\/www.cine.org.br\/wp-content\/uploads\/2021\/10\/mapalogo_11_10_2021_19_09_35_id_39708.jpg\" alt=\"\" width=\"629\" height=\"402\" srcset=\"https:\/\/www.cine.org.br\/wp-content\/uploads\/2021\/10\/mapalogo_11_10_2021_19_09_35_id_39708.jpg 629w, https:\/\/www.cine.org.br\/wp-content\/uploads\/2021\/10\/mapalogo_11_10_2021_19_09_35_id_39708-300x192.jpg 300w\" sizes=\"(max-width: 629px) 100vw, 629px\" \/><\/p>","protected":false},"excerpt":{"rendered":"<p>Os recursos humanos e laboratoriais do CINE est\u00e3o distribu\u00eddos em 8 institui\u00e7\u00f5es de pesquisa, localizadas em 7 cidades do estado de S\u00e3o Paulo (Brasil).<\/p>\n","protected":false},"author":3,"featured_media":0,"parent":0,"menu_order":4,"comment_status":"closed","ping_status":"closed","template":"general_template.php","meta":{"_acf_changed":false,"_monsterinsights_skip_tracking":false,"_monsterinsights_sitenote_active":false,"_monsterinsights_sitenote_note":"","_monsterinsights_sitenote_category":0,"footnotes":""},"acf":[],"_links":{"self":[{"href":"https:\/\/www.cine.org.br\/pb\/wp-json\/wp\/v2\/pages\/5768"}],"collection":[{"href":"https:\/\/www.cine.org.br\/pb\/wp-json\/wp\/v2\/pages"}],"about":[{"href":"https:\/\/www.cine.org.br\/pb\/wp-json\/wp\/v2\/types\/page"}],"author":[{"embeddable":true,"href":"https:\/\/www.cine.org.br\/pb\/wp-json\/wp\/v2\/users\/3"}],"replies":[{"embeddable":true,"href":"https:\/\/www.cine.org.br\/pb\/wp-json\/wp\/v2\/comments?post=5768"}],"version-history":[{"count":1,"href":"https:\/\/www.cine.org.br\/pb\/wp-json\/wp\/v2\/pages\/5768\/revisions"}],"predecessor-version":[{"id":5770,"href":"https:\/\/www.cine.org.br\/pb\/wp-json\/wp\/v2\/pages\/5768\/revisions\/5770"}],"wp:attachment":[{"href":"https:\/\/www.cine.org.br\/pb\/wp-json\/wp\/v2\/media?parent=5768"}],"curies":[{"name":"wp","href":"https:\/\/api.w.org\/{rel}","templated":true}]}}