{"id":2769,"date":"2020-11-13T19:16:54","date_gmt":"2020-11-13T22:16:54","guid":{"rendered":"http:\/\/cine.org.br\/?page_id=2769"},"modified":"2026-03-19T15:19:47","modified_gmt":"2026-03-19T18:19:47","slug":"newsletter","status":"publish","type":"page","link":"https:\/\/www.cine.org.br\/pb\/newsletter\/","title":{"rendered":"Newsletter"},"content":{"rendered":"<h1>2026<\/h1>\r\n<ul>\r\n<li>\r\n<p><span style=\"text-decoration: underline;\"><strong>Edi\u00e7\u00e3o n\u00ba 59.<\/strong> 16\/03\/2026:<\/span> <a href=\"https:\/\/www.cine.org.br\/pb\/edicao-no-59-16-03-2026\/\">CINE Not\u00edcias<\/a><\/p>\r\n<\/li>\r\n<li>\r\n<p><span style=\"text-decoration: underline;\"><strong>Edi\u00e7\u00e3o<\/strong> <strong>n\u00ba 58.<\/strong> 18\/02\/2026:<\/span> <a href=\"https:\/\/www.cine.org.br\/pb\/edicao-no-58-18-02-2026\/\">CINE Not\u00edcias<\/a><\/p>\r\n<\/li>\r\n<\/ul>\r\n<h1>2025<\/h1>\r\n<ul>\r\n<li>\r\n<p><span style=\"text-decoration: underline;\"><strong>Edi\u00e7\u00e3o n\u00ba 57.<\/strong> 22\/12\/2025:<\/span> <a href=\"https:\/\/www.cine.org.br\/pb\/edicao-no-57-22-12-2025\/\" target=\"_blank\" rel=\"noopener\">Mensagem de final de ano<\/a><\/p>\r\n<\/li>\r\n<\/ul>\r\n<ul>\r\n<li>\r\n<p><span style=\"text-decoration: underline;\"><strong>Edi\u00e7\u00e3o<\/strong> <strong>n\u00ba 56.<\/strong> 18\/12\/2025:<\/span> <a href=\"https:\/\/www.cine.org.br\/pb\/edicao-no-56-18-12-2025\/\">CINE Not\u00edcias<\/a><\/p>\r\n<\/li>\r\n<li>\r\n<p><span style=\"text-decoration: underline;\"><strong>Edi\u00e7\u00e3o<\/strong> <strong>n\u00ba 55.<\/strong> 17\/11\/2025:<\/span> <a href=\"https:\/\/www.cine.org.br\/pb\/edicao-no-55-17-11-2025\/\">CINE Not\u00edcias<\/a><\/p>\r\n<\/li>\r\n<li>\r\n<p><span style=\"text-decoration: underline;\"><strong>Edi\u00e7\u00e3o<\/strong> <strong>n\u00ba 54.<\/strong> 20\/10\/2025:<\/span> <a href=\"https:\/\/www.cine.org.br\/pb\/edicao-no-54-20-10-2025\/\">CINE Not\u00edcias<\/a><\/p>\r\n<\/li>\r\n<li>\r\n<p><span style=\"text-decoration: underline;\"><strong>Edi\u00e7\u00e3o n\u00ba 53.<\/strong> 15\/09\/2025:<\/span> <a href=\"https:\/\/www.cine.org.br\/pb\/12233-2\/\">CINE Not\u00edcias<\/a><\/p>\r\n<\/li>\r\n<li>\r\n<p><span style=\"text-decoration: underline;\"><strong>Edi\u00e7\u00e3o n\u00ba 52. <\/strong>18\/08\/2025:<\/span> <a href=\"https:\/\/www.cine.org.br\/pb\/12091-2\/\">CINE Not\u00edcias<\/a><\/p>\r\n<\/li>\r\n<li>\r\n<p><span style=\"text-decoration: underline;\"><strong>Edi\u00e7\u00e3o n\u00ba 51. <\/strong>21\/07\/2025:<\/span> <a href=\"https:\/\/www.cine.org.br\/pb\/edicao-no-51-21-07-2025\/\">CINE Not\u00edcias<\/a><\/p>\r\n<\/li>\r\n<li>\r\n<p><span style=\"text-decoration: underline;\"><strong>Edi\u00e7\u00e3o n\u00ba 50. <\/strong>16\/06\/2025:<\/span> <a href=\"https:\/\/www.cine.org.br\/pb\/11818-2\/\">CINE Not\u00edcias<\/a><\/p>\r\n<\/li>\r\n<li>\r\n<p><span style=\"text-decoration: underline;\"><strong>Edi\u00e7\u00e3o n\u00ba 49. <\/strong>19\/05\/2025:<\/span> <a href=\"https:\/\/www.cine.org.br\/pb\/edicao-no-49-19-05-2025\/\">CINE Not\u00edcias<\/a><\/p>\r\n<\/li>\r\n<li>\r\n<p><span style=\"text-decoration: underline;\"><strong>Edi\u00e7\u00e3o n\u00ba 48. <\/strong>22\/04\/2025:<\/span> <a href=\"https:\/\/www.cine.org.br\/pb\/edicao-no-48-22-04-2025\/\">CINE Not\u00edcias<\/a><\/p>\r\n<\/li>\r\n<li>\r\n<p><span style=\"text-decoration: underline;\"><b>Edi\u00e7\u00e3o n\u00ba 47. <\/b>17\/03\/2025:<\/span> <a href=\"https:\/\/www.cine.org.br\/pb\/edicao-no-47-17-03-2025\/\">CINE Not\u00edcias<\/a><\/p>\r\n<\/li>\r\n<li>\r\n<p><span style=\"text-decoration: underline;\"><b>Edi\u00e7\u00e3o n\u00ba 46. <\/b>13\/02\/2025:<\/span><a href=\"https:\/\/www.cine.org.br\/pb\/edicao-no-46-13-02-2025\/\"> CINE Not\u00edcias<\/a><\/p>\r\n<\/li>\r\n<\/ul>\r\n<p>&nbsp;<\/p>\r\n<p>&nbsp;<\/p>\r\n<h1>2024<\/h1>\r\n<ul>\r\n<li>\r\n<p><span style=\"text-decoration: underline;\"><strong>Edi\u00e7\u00e3o n\u00ba 45.<\/strong> 20\/12\/2024:<\/span> <a href=\"https:\/\/www.cine.org.br\/pb\/edicao-no-45-20-12-2024\/\" target=\"_blank\" rel=\"noopener\">Mensagem de final de ano<\/a><\/p>\r\n<\/li>\r\n<\/ul>\r\n<ul>\r\n<li>\r\n<p><span style=\"text-decoration: underline;\"><strong>Edi\u00e7\u00e3o n\u00ba 44.<\/strong> 29\/11\/2024:<\/span> <a href=\"https:\/\/www.cine.org.br\/pb\/edicao-no-44-29-11-2024\/\" target=\"_blank\" rel=\"noopener\">CINE Not\u00edcias<\/a><\/p>\r\n<\/li>\r\n<\/ul>\r\n<ul>\r\n<li>\r\n<p><span style=\"text-decoration: underline;\"><strong>Edi\u00e7\u00e3o n\u00ba 43.<\/strong> 04\/11\/2024:<\/span> <a href=\"https:\/\/www.cine.org.br\/pb\/edicao-no-43-04-11-2024\/\" target=\"_blank\" rel=\"noopener\">CINE Not\u00edcias<\/a><\/p>\r\n<\/li>\r\n<\/ul>\r\n<ul>\r\n<li>\r\n<p><u><strong>Edi\u00e7\u00e3o n\u00ba 42.<\/strong> 30\/09\/2024:<\/u> <a href=\"https:\/\/www.cine.org.br\/pb\/edicao-no-42-30-09-2024\/\" target=\"_blank\" rel=\"noopener\">CINE Not\u00edcias<\/a><\/p>\r\n<\/li>\r\n<\/ul>\r\n<ul>\r\n<li>\r\n<p><u><strong>Edi\u00e7\u00e3o n\u00ba 41.<\/strong> 29\/08\/2024:<\/u> <a href=\"https:\/\/www.cine.org.br\/pb\/edicao-no-41-29-08-2024\/\" target=\"_blank\" rel=\"noopener\">CINE Not\u00edcias<\/a><\/p>\r\n<\/li>\r\n<\/ul>\r\n<ul>\r\n<li>\r\n<p><u><strong>Edi\u00e7\u00e3o n\u00ba 40.<\/strong> 04\/04\/2024:<\/u> <a href=\"https:\/\/www.cine.org.br\/pb\/5-anos-do-cine-numeros-2018-2023\/\" target=\"_blank\" rel=\"noopener\">Retrospectiva 2018-2023: n\u00fameros<\/a><\/p>\r\n<\/li>\r\n<\/ul>\r\n<h1>2023<\/h1>\r\n<ul>\r\n<li>\r\n<p><u><strong>Edi\u00e7\u00e3o especial.<\/strong> 21\/12\/2023:<\/u> <a href=\"https:\/\/www.cine.org.br\/pb\/boas-festas\/\" target=\"_blank\" rel=\"noopener\">Cart\u00e3o de final de ano<\/a><\/p>\r\n<\/li>\r\n<\/ul>\r\n<ul>\r\n<li><u><strong>Edi\u00e7\u00e3o n\u00ba 39.<\/strong> 19\/12\/2023:<\/u> <a href=\"https:\/\/www.cine.org.br\/pb\/8953-2\/\" target=\"_blank\" rel=\"noopener\">Retrospectiva 2018 &#8211; 2023<\/a><\/li>\r\n<\/ul>\r\n<ul>\r\n<li>\r\n<p><u><strong>Edi\u00e7\u00e3o n\u00ba 38.<\/strong> 31\/10\/2023:<\/u> <a href=\"https:\/\/www.cine.org.br\/pb\/edicao-no-38-31-10-2023\/\" target=\"_blank\" rel=\"noopener\">CINE Not\u00edcias<\/a><\/p>\r\n<\/li>\r\n<\/ul>\r\n<ul>\r\n<li><u><strong>Edi\u00e7\u00e3o n\u00ba 37.<\/strong> 31\/07\/2023:<\/u> <a href=\"https:\/\/www.cine.org.br\/pb\/8753-2\/\" target=\"_blank\" rel=\"noopener\">CINE Not\u00edcias<\/a><\/li>\r\n<\/ul>\r\n<ul>\r\n<li><u><strong>Edi\u00e7\u00e3o n\u00ba 36.<\/strong> 29\/06\/2023:<\/u> <a href=\"https:\/\/www.cine.org.br\/pb\/edicao-no-36-29-06-2023\/\" target=\"_blank\" rel=\"noopener\">CINE Not\u00edcias<\/a><\/li>\r\n<\/ul>\r\n<ul>\r\n<li><u><strong>Edi\u00e7\u00e3o n\u00ba 35.<\/strong> 30\/05\/2023:<\/u> <a href=\"https:\/\/www.cine.org.br\/pb\/edicao-no-35-30-05-2023\/\" target=\"_blank\" rel=\"noopener\">CINE Not\u00edcias<\/a><\/li>\r\n<\/ul>\r\n<ul>\r\n<li><u><strong>Edi\u00e7\u00e3o n\u00ba 34.<\/strong> 18\/04\/2023:<\/u> <a href=\"https:\/\/www.cine.org.br\/pb\/edicao-no-34-18-04-2023\/\" target=\"_blank\" rel=\"noopener\">CINE Not\u00edcias<\/a><\/li>\r\n<\/ul>\r\n<ul>\r\n<li><u><strong>Edi\u00e7\u00e3o n\u00ba 33.<\/strong> 06\/03\/2023:<\/u> <a href=\"https:\/\/www.cine.org.br\/pb\/edicao-no-33-06-03-2023\/\" target=\"_blank\" rel=\"noopener\">CINE Not\u00edcias<\/a><\/li>\r\n<\/ul>\r\n<ul>\r\n<li><u><strong>Edi\u00e7\u00e3o n\u00ba 32.<\/strong> 31\/01\/2023:<\/u> <a href=\"https:\/\/www.cine.org.br\/pb\/8264-2\/\" target=\"_blank\" rel=\"noopener\">CINE Not\u00edcias<\/a><\/li>\r\n<\/ul>\r\n<h1>2022<\/h1>\r\n<ul>\r\n<li><u><strong>Edi\u00e7\u00e3o especial.<\/strong> 22\/12\/2022:<\/u> <a href=\"https:\/\/www.cine.org.br\/pb\/desejos-da-equipe-cine\/\" target=\"_blank\" rel=\"noopener noreferrer\">Cart\u00e3o de final de ano<\/a><\/li>\r\n<\/ul>\r\n<ul>\r\n<li><u><strong>Edi\u00e7\u00e3o n\u00ba 31.<\/strong> 19\/12\/2022:<\/u> <a href=\"https:\/\/www.cine.org.br\/pb\/retrospectiva-2022-19-12-2022\/\" target=\"_blank\" rel=\"noopener noreferrer\">CINE Retrospectiva 2022<\/a><\/li>\r\n<\/ul>\r\n<ul>\r\n<li><u><strong>Edi\u00e7\u00e3o n\u00ba 30.<\/strong> 05\/12\/2022:<\/u> <a href=\"https:\/\/www.cine.org.br\/pb\/edicao-no-30-05-12-2022\/\" target=\"_blank\" rel=\"noopener noreferrer\">CINE Not\u00edcias<\/a><\/li>\r\n<\/ul>\r\n<ul>\r\n<li><u><strong>Edi\u00e7\u00e3o n\u00ba 29.<\/strong> 28\/10\/2022:<\/u> <a href=\"https:\/\/www.cine.org.br\/pb\/special-issue-cine-conference-28-10-2022\/\" target=\"_blank\" rel=\"noopener noreferrer\">CINE Conference<\/a><\/li>\r\n<\/ul>\r\n<ul>\r\n<li><u><strong>Edi\u00e7\u00e3o n\u00ba 28.<\/strong> 23\/09\/2022:<\/u> <a href=\"https:\/\/www.cine.org.br\/pb\/edicao-no-28-23-09-2022\/\" target=\"_blank\" rel=\"noopener noreferrer\">CINE Not\u00edcias<\/a><\/li>\r\n<\/ul>\r\n<ul>\r\n<li><u><strong>Edi\u00e7\u00e3o n\u00ba 27.<\/strong> 22\/08\/2022:<\/u> <a href=\"https:\/\/www.cine.org.br\/pb\/edicao-no-27-22-08-2022\/\" target=\"_blank\" rel=\"noopener noreferrer\">CINE Not\u00edcias<\/a><\/li>\r\n<\/ul>\r\n<ul>\r\n<li><u><strong>Edi\u00e7\u00e3o n\u00ba 26.<\/strong> 20\/07\/2022:<\/u> <a href=\"https:\/\/www.cine.org.br\/pb\/edicao-no-26-20-07-2022\/\" target=\"_blank\" rel=\"noopener noreferrer\">CINE Not\u00edcias<\/a><\/li>\r\n<\/ul>\r\n<ul>\r\n<li><u><strong>Edi\u00e7\u00e3o n\u00ba 25.<\/strong> 22\/06\/2022:<\/u> <a href=\"https:\/\/www.cine.org.br\/pb\/edicao-no-25-22-06-2022\/\" target=\"_blank\" rel=\"noopener noreferrer\">CINE Not\u00edcias<\/a><\/li>\r\n<\/ul>\r\n<ul>\r\n<li><u><strong>Edi\u00e7\u00e3o n\u00ba 24.<\/strong> 16\/05\/2022:<\/u> <a href=\"https:\/\/www.cine.org.br\/pb\/edicao-no-24-16-05-2022\/\" target=\"_blank\" rel=\"noopener noreferrer\">CINE Not\u00edcias<\/a><\/li>\r\n<\/ul>\r\n<ul>\r\n<li><u><strong>Edi\u00e7\u00e3o n\u00ba 23.<\/strong> 25\/04\/2022:<\/u> <a href=\"https:\/\/www.cine.org.br\/pb\/edicao-no-23-25-04-2022\/\" target=\"_blank\" rel=\"noopener noreferrer\">CINE Not\u00edcias<\/a><\/li>\r\n<\/ul>\r\n<ul>\r\n<li><u><strong>Edi\u00e7\u00e3o n\u00ba 22.<\/strong> 17\/03\/2022:<\/u> <a href=\"https:\/\/www.cine.org.br\/pb\/edicao-no-22-17-03-2022\/\" target=\"_blank\" rel=\"noopener noreferrer\">CINE Not\u00edcias<\/a><\/li>\r\n<\/ul>\r\n<ul>\r\n<li><u><strong>Edi\u00e7\u00e3o n\u00ba 21.<\/strong> 15\/02\/2022:<\/u> <a href=\"https:\/\/www.cine.org.br\/pb\/edicao-no-21-15-02-2022\/\" target=\"_blank\" rel=\"noopener noreferrer\">CINE Not\u00edcias<\/a><\/li>\r\n<\/ul>\r\n<ul>\r\n<li><u><strong>Edi\u00e7\u00e3o n\u00ba 20.<\/strong> 24\/01\/2022:<\/u> <a href=\"https:\/\/www.cine.org.br\/pb\/edicao-no-20-24-01-2022\/\" target=\"_blank\" rel=\"noopener noreferrer\">CINE Not\u00edcias<\/a><\/li>\r\n<\/ul>\r\n<h1>2021<\/h1>\r\n<ul>\r\n<li><u><strong>Edi\u00e7\u00e3o especial.<\/strong> 23\/12\/2021:<\/u> <a href=\"https:\/\/www.cine.org.br\/pb\/happy-holidays\/\" target=\"_blank\" rel=\"noopener noreferrer\">Cart\u00e3o de final de ano<\/a><\/li>\r\n<\/ul>\r\n<ul>\r\n<li><u><strong>Edi\u00e7\u00e3o n\u00ba 19<\/strong>\u00a020\/12\/2021:<\/u> <a href=\"https:\/\/www.cine.org.br\/pb\/6383-2\/\" target=\"_blank\" rel=\"noopener noreferrer\">CINE Not\u00edcias<\/a><\/li>\r\n<\/ul>\r\n<ul>\r\n<li><u><strong>Edi\u00e7\u00e3o n\u00ba 18.<\/strong> 15\/11\/2021:<\/u> <a href=\"https:\/\/www.cine.org.br\/pb\/edicao-no-18-15-11-2021\/\" target=\"_blank\" rel=\"noopener noreferrer\">CINE Not\u00edcias<\/a><\/li>\r\n<\/ul>\r\n<ul>\r\n<li><u><strong>Edi\u00e7\u00e3o n\u00ba 17.<\/strong> 13\/10\/2021:<\/u> <a href=\"https:\/\/www.cine.org.br\/pb\/edicao-no-17-13-10-2021\/\" target=\"_blank\" rel=\"noopener noreferrer\">CINE Not\u00edcias<\/a><\/li>\r\n<\/ul>\r\n<ul>\r\n<li><u><strong>Edi\u00e7\u00e3o n\u00ba 16.<\/strong> 13\/09\/2021:<\/u> <a href=\"https:\/\/www.cine.org.br\/pb\/edicao-no-16-13-09-2021\/\" target=\"_blank\" rel=\"noopener noreferrer\">CINE Not\u00edcias<\/a><\/li>\r\n<\/ul>\r\n<ul>\r\n<li><u><strong>Edi\u00e7\u00e3o n\u00ba 15.<\/strong> 13\/08\/2021:<\/u> <a href=\"https:\/\/www.cine.org.br\/pb\/edicao-no-15-13-08-2021\/\" target=\"_blank\" rel=\"noopener noreferrer\">CINE Not\u00edcias<\/a><\/li>\r\n<\/ul>\r\n<ul>\r\n<li><u><strong>Edi\u00e7\u00e3o n\u00ba 14.<\/strong> 12\/07\/2021:<\/u> <a href=\"https:\/\/www.cine.org.br\/pb\/edicao-no-14-12-07-2021\/\" target=\"_blank\" rel=\"noopener noreferrer\">CINE Not\u00edcias<\/a><\/li>\r\n<\/ul>\r\n<ul>\r\n<li><u><strong>Edi\u00e7\u00e3o n\u00ba 13.<\/strong> 11\/06\/2021:<\/u> <a href=\"https:\/\/www.cine.org.br\/pb\/edicao-no-13-11-06-2021\/\" target=\"_blank\" rel=\"noopener noreferrer\">CINE Not\u00edcias<\/a><\/li>\r\n<\/ul>\r\n<ul>\r\n<li><u><strong>Edi\u00e7\u00e3o n\u00ba 12.<\/strong> 10\/05\/2021:<\/u> <a href=\"https:\/\/www.cine.org.br\/pb\/edicao-no-12-10-05-2021\/\" target=\"_blank\" rel=\"noopener noreferrer\">CINE Not\u00edcias<\/a><\/li>\r\n<\/ul>\r\n<ul>\r\n<li><u><strong>Edi\u00e7\u00e3o n\u00ba 11.<\/strong> 8\/04\/2021:<\/u> <a href=\"https:\/\/www.cine.org.br\/pb\/edicao-no-11-08-04-2021\/\" target=\"_blank\" rel=\"noopener noreferrer\">CINE Not\u00edcias<\/a><\/li>\r\n<\/ul>\r\n<ul>\r\n<li><u><strong>Edi\u00e7\u00e3o n\u00ba 10.<\/strong> 8\/03\/2021:<\/u> <a href=\"https:\/\/www.cine.org.br\/pb\/edicao-no-10-08-03-2021-2\/\" target=\"_blank\" rel=\"noopener noreferrer\">CINE Not\u00edcias<\/a><\/li>\r\n<\/ul>\r\n<ul>\r\n<li><u><strong>Edi\u00e7\u00e3o n\u00ba 9.<\/strong> 8\/02\/2021:<\/u> <a href=\"https:\/\/www.cine.org.br\/pb\/edicao-no-9-08-02-2021\/\" target=\"_blank\" rel=\"noopener noreferrer\">CINE Not\u00edcias<\/a><\/li>\r\n<\/ul>\r\n<h1>2020<\/h1>\r\n<ul>\r\n<li><u><strong>Edi\u00e7\u00e3o especial.<\/strong> 21\/12\/2020:<\/u> <a href=\"https:\/\/www.cine.org.br\/pb\/cartao-final-de-ano\/\" target=\"_blank\" rel=\"noopener\">Cart\u00e3o de Final de Ano<\/a><\/li>\r\n<\/ul>\r\n<ul>\r\n<li><u><strong>Edi\u00e7\u00e3o n\u00ba 8.<\/strong> 07\/12\/2020:<\/u> <a href=\"https:\/\/www.cine.org.br\/pb\/english-first-and-special-issue-december-18-2020\/\" target=\"_blank\" rel=\"noopener\">CINE Not\u00edcias<\/a><\/li>\r\n<\/ul>\r\n<ul>\r\n<li><u><strong>Edi\u00e7\u00e3o n\u00ba 7.<\/strong> 06\/11\/2020:<\/u> <a href=\"https:\/\/www.cine.org.br\/pb\/edicao-no-7-06-11-2020\/\" target=\"_blank\" rel=\"noopener\">CINE Not\u00edcias<\/a><\/li>\r\n<\/ul>\r\n<ul>\r\n<li><u><strong>Edi\u00e7\u00e3o n\u00ba 6.<\/strong> 13\/10\/2020:<\/u> <a href=\"https:\/\/www.cine.org.br\/pb\/english-issue-6-october-10-2020\/\" target=\"_blank\" rel=\"noopener\">CINE Not\u00edcias<\/a><\/li>\r\n<\/ul>\r\n<ul>\r\n<li><u><strong>Edi\u00e7\u00e3o n\u00ba 5.<\/strong> 09\/09\/2020:<\/u> <a href=\"http:\/\/cine.org.br\/?mailpoet_router&amp;endpoint=view_in_browser&amp;action=view&amp;data=WzUsIjlhY2Y1YzNiMGQzNCIsMjYxLCIxZ2ViaHVtZnRhNGc4NGt3OGtvMGtjd3dzY2tja2c4ayIsNSwxXQ\" target=\"_blank\" rel=\"noopener\">CINE Not\u00edcias<\/a><\/li>\r\n<\/ul>\r\n<ul>\r\n<li><u><strong>Edi\u00e7\u00e3o n\u00ba 4.<\/strong> 10\/08\/2020:<\/u> <a href=\"https:\/\/www.cine.org.br\/pb\/edicao-10-08-2020\/\" target=\"_blank\" rel=\"noopener\">CINE Not\u00edcias<\/a><\/li>\r\n<\/ul>\r\n<ul>\r\n<li><u><strong>Edi\u00e7\u00e3o n\u00ba 3.<\/strong> 30\/06\/2020:<\/u> <a href=\"https:\/\/www.cine.org.br\/pb\/edicao-30-06-2020\/\" target=\"_blank\" rel=\"noopener\">CINE Not\u00edcias<\/a><\/li>\r\n<\/ul>\r\n<ul>\r\n<li><u><strong>Edi\u00e7\u00e3o n\u00ba 2.<\/strong> 18\/05\/2020:<\/u> <a href=\"https:\/\/www.cine.org.br\/pb\/edicao-18-05-2020\/\" target=\"_blank\" rel=\"noopener\">CINE Not\u00edcias<\/a><\/li>\r\n<\/ul>\r\n<ul>\r\n<li><u><strong>Edi\u00e7\u00e3o n\u00ba 1.<\/strong> 14\/04\/2020:<\/u> <a href=\"https:\/\/www.cine.org.br\/pb\/edicao-14-04-2020\/\" target=\"_blank\" rel=\"noopener\">CINE Not\u00edcias<\/a><\/li>\r\n<\/ul>\r\n<!-- \/wp:list -->\r\n<p>&nbsp;<\/p>\r\n<!-- wp:paragraph --><!-- \/wp:paragraph -->","protected":false},"excerpt":{"rendered":"<p>2026 Edi\u00e7\u00e3o n\u00ba 59. 16\/03\/2026: CINE Not\u00edcias Edi\u00e7\u00e3o n\u00ba 58. 18\/02\/2026: CINE Not\u00edcias 2025 Edi\u00e7\u00e3o n\u00ba 57. 22\/12\/2025: Mensagem de final de ano Edi\u00e7\u00e3o n\u00ba 56. 18\/12\/2025: CINE Not\u00edcias Edi\u00e7\u00e3o n\u00ba 55. 17\/11\/2025: CINE Not\u00edcias Edi\u00e7\u00e3o n\u00ba 54. 20\/10\/2025: CINE Not\u00edcias Edi\u00e7\u00e3o n\u00ba 53. 15\/09\/2025: CINE Not\u00edcias Edi\u00e7\u00e3o n\u00ba 52. 18\/08\/2025: CINE Not\u00edcias Edi\u00e7\u00e3o n\u00ba 51. 21\/07\/2025: CINE Not\u00edcias Edi\u00e7\u00e3o n\u00ba 50. 16\/06\/2025: CINE Not\u00edcias Edi\u00e7\u00e3o n\u00ba 49. 19\/05\/2025: CINE&#8230;<\/p>\n","protected":false},"author":3,"featured_media":0,"parent":0,"menu_order":0,"comment_status":"closed","ping_status":"closed","template":"general_template.php","meta":{"_acf_changed":false,"_monsterinsights_skip_tracking":false,"_monsterinsights_sitenote_active":false,"_monsterinsights_sitenote_note":"","_monsterinsights_sitenote_category":0,"footnotes":""},"acf":[],"_links":{"self":[{"href":"https:\/\/www.cine.org.br\/pb\/wp-json\/wp\/v2\/pages\/2769"}],"collection":[{"href":"https:\/\/www.cine.org.br\/pb\/wp-json\/wp\/v2\/pages"}],"about":[{"href":"https:\/\/www.cine.org.br\/pb\/wp-json\/wp\/v2\/types\/page"}],"author":[{"embeddable":true,"href":"https:\/\/www.cine.org.br\/pb\/wp-json\/wp\/v2\/users\/3"}],"replies":[{"embeddable":true,"href":"https:\/\/www.cine.org.br\/pb\/wp-json\/wp\/v2\/comments?post=2769"}],"version-history":[{"count":182,"href":"https:\/\/www.cine.org.br\/pb\/wp-json\/wp\/v2\/pages\/2769\/revisions"}],"predecessor-version":[{"id":12985,"href":"https:\/\/www.cine.org.br\/pb\/wp-json\/wp\/v2\/pages\/2769\/revisions\/12985"}],"wp:attachment":[{"href":"https:\/\/www.cine.org.br\/pb\/wp-json\/wp\/v2\/media?parent=2769"}],"curies":[{"name":"wp","href":"https:\/\/api.w.org\/{rel}","templated":true}]}}