{"id":1028,"date":"2019-03-22T10:52:36","date_gmt":"2019-03-22T13:52:36","guid":{"rendered":"http:\/\/cine.org.br\/new\/?page_id=1028"},"modified":"2024-05-29T14:49:24","modified_gmt":"2024-05-29T17:49:24","slug":"computacional-material-science-chemistry","status":"publish","type":"page","link":"https:\/\/www.cine.org.br\/pb\/computacional-material-science-chemistry\/","title":{"rendered":"Ci\u00eancia Computacional de Materiais e Qu\u00edmica"},"content":{"rendered":"<p><img loading=\"lazy\" decoding=\"async\" class=\"aligncenter wp-image-9457 size-large\" src=\"https:\/\/hub.aptor.software\/cine2024\/wp-content\/uploads\/2024\/05\/webbannerssite_computational_materials_science_and_chemistry-1024x255.png\" alt=\"\" width=\"1024\" height=\"255\" srcset=\"https:\/\/www.cine.org.br\/wp-content\/uploads\/2024\/05\/webbannerssite_computational_materials_science_and_chemistry-1024x255.png 1024w, https:\/\/www.cine.org.br\/wp-content\/uploads\/2024\/05\/webbannerssite_computational_materials_science_and_chemistry-300x75.png 300w, https:\/\/www.cine.org.br\/wp-content\/uploads\/2024\/05\/webbannerssite_computational_materials_science_and_chemistry-768x191.png 768w, https:\/\/www.cine.org.br\/wp-content\/uploads\/2024\/05\/webbannerssite_computational_materials_science_and_chemistry.png 1360w\" sizes=\"(max-width: 1024px) 100vw, 1024px\" \/><\/p>\n<hr class=\"invisible my-3\">\n<b>Coordenador do programa<\/b><br \/>\nJuarez Lopes Ferreira da Silva \u2013 USP \u2013 Instituto de Qu\u00edmica de S\u00e3o Carlos &#8211; juarez_dasilva@iqsc.usp.br<\/p>\n<p><b>Pesquisadores principais<\/b><br \/>\nAtaualpa Albert Carmo Braga \u2013 USP \u2013 Instituto de Qu\u00edmica \u2013 ataualpa@iq.usp.br<br \/>\nRonaldo Cristiano Prati \u2013 UFABC \u2013 ronaldo.prati@ufabc.edu.br<\/p>\n<p><!--a href=\"..\/pesquisadores\/pesq-program-4-computational-material-science-and-chemistry\/\">Veja toda a equipe.<\/a--><\/p>\n<p>________<\/p>\n<p><b>Publica\u00e7\u00f5es<\/b><br \/>\n<a href=\"publicacoes\/?division=cmsc\" target=\"_blank\" rel=\"noopener\">Veja todas as publica\u00e7\u00f5es.<\/a><br \/>\n________<\/p>\n<p>O Programa de Ci\u00eancia Computacional de Materiais e Qu\u00edmica (CMSC na sigla em ingl\u00eas) re\u00fane a expertise de jovens pesquisadores localizados nas mais conceituadas institui\u00e7\u00f5es do estado de S\u00e3o Paulo para entregar solu\u00e7\u00f5es de ponta para o campo das novas energias. A divis\u00e3o concentra-se principalmente em quatro linhas de pesquisa, a saber, (a) convers\u00e3o de metano em novos produtos, (b) captura e redu\u00e7\u00e3o de CO2 em novos produtos, (c) f\u00f3tons a el\u00e9trons com base em materiais fotovoltaicos e (d) armazenamento de energia com base em baterias e supercapacitores. Nossa experi\u00eancia abrange desde qu\u00edmica qu\u00e2ntica <em>ab initio<\/em> a m\u00e9todos funcionais de densidade, din\u00e2mica molecular <em>ab initio<\/em> e cl\u00e1ssica, simula\u00e7\u00f5es de granula\u00e7\u00e3o grossa, Monte Carlo padr\u00e3o para propriedades termodin\u00e2micas, Monte Carlo basin-hopping para otimiza\u00e7\u00e3o global de part\u00edculas de tamanho finito, paralelo temperando Monte Carlo para explorar a transi\u00e7\u00e3o de fase em part\u00edculas de tamanho finito, Monte Carlo cin\u00e9tico para simular fen\u00f4menos de grande escala, como a deposi\u00e7\u00e3o eletroqu\u00edmica de metal de transi\u00e7\u00e3o em superf\u00edcies s\u00f3lidas e fluxos de baterias e, finalmente, din\u00e2mica de fluido computacional para abordar a din\u00e2mica de fluidos i\u00f4nicos.<br \/>\n_______<\/p>\n<p><b>Projetos<\/b><\/p>\n<div id=\"accordionExample\" class=\"accordion\">\n<div class=\"card\" style=\"border: solid 0px;\">\n<div id=\"headingOne\" class=\"card-header\" style=\"padding: 0px !important;\"><button class=\"btn btn-link text-left\" type=\"button\" data-toggle=\"collapse\" data-target=\"#collapseOne\" aria-expanded=\"true\" aria-controls=\"collapseOne\">P16 &#8211; Convers\u00e3o de metano em transportadores de alta densidade com base em materiais porosos e nanomateriais<\/button><\/div>\n<div id=\"collapseOne\" class=\"collapse\" aria-labelledby=\"headingOne\" data-parent=\"#accordionExample\">\n<div class=\"card-body\" style=\"padding-bottom: 0px;\">\n<p><b>Coordenador do projeto:<\/b><br \/>\nAtaualpa Albert Carmo Braga \u2013 USP \u2013 Instituto de Qu\u00edmica \u2013 ataualpa@iq.usp.br<\/p>\n<p>O objetivo principal deste projeto \u00e9 a utiliza\u00e7\u00e3o de t\u00e9cnicas computacionais at\u00f4micas no estudo e desenvolvimento de novos catalisadores baseados na combina\u00e7\u00e3o de materiais porosos e nanomateriais para a convers\u00e3o de metano em metanol ou outros materiais de interesse comercial, por exemplo nanoestruturas de carbono. Espera-se que ao final deste projeto tenhamos conhecimento aprofundado suficiente dos mecanismos de rea\u00e7\u00e3o envolvendo sistemas porosos, como ionitos t\u00edpicos ou modificados, e nanopart\u00edculas, o que nos permitir\u00e1 sugerir novos materiais para a convers\u00e3o catal\u00edtica efetiva de metano.<\/p>\n<\/div>\n<\/div>\n<\/div>\n<div class=\"card\" style=\"border: solid 0px;\">\n<div id=\"headingTwo\" class=\"card-header\" style=\"padding: 0px !important;\"><button class=\"btn btn-link text-left collapsed\" type=\"button\" data-toggle=\"collapse\" data-target=\"#collapseTwo\" aria-expanded=\"false\" aria-controls=\"collapseTwo\">P17 &#8211; Captura e redu\u00e7\u00e3o de CO2 em meios homog\u00eaneos e heterog\u00eaneos \u00e0 base de materiais porosos e nanomateriais<\/button><\/div>\n<div id=\"collapseTwo\" class=\"collapse\" aria-labelledby=\"headingTwo\" data-parent=\"#accordionExample\">\n<div class=\"card-body\" style=\"padding-bottom: 0px;\">\n<p><b>Coordenador do projeto:<\/b><br \/>\nJuarez Lopes Ferreira da Silva \u2013 USP \u2013 \u2013 S\u00e3o Carlos Instituto de Qu\u00edmica \u2013 juarez_dasilva@iqsc.usp.br<\/p>\n<p>Este projeto tem como foco a modelagem computacional dos processos fundamentais envolvidos na captura de CO2 da atmosfera e sua convers\u00e3o em produtos. Assim, a sua equipa ir\u00e1 investigar a captura e armazenamento de CO2 em MOFs; a separa\u00e7\u00e3o de gases em MOFs; caracterizar os efeitos de tamanho pequeno em MOFs e como isso afeta a captura de CO2; identificar caracter\u00edsticas estruturais em MOFs que aumentam a capacidade de captura de CO2; projetar catalisadores eficientes, baratos e n\u00e3o t\u00f3xicos para redu\u00e7\u00e3o de CO2; determinar mecanismos de rea\u00e7\u00e3o para redu\u00e7\u00e3o de CO2 envolvendo catalisadores baseados em complexos de metais de transi\u00e7\u00e3o; projetar e prever propriedades de nanocatalisadores com base em nanoligas e nano-\u00f3xidos de metais de transi\u00e7\u00e3o, nanofragmentos de calcogenetos lamelares e outros materiais nano-suturados; para investigar a convers\u00e3o de CO2 em metanol usando nanocatalisadores.<\/p>\n<\/div>\n<\/div>\n<\/div>\n<div class=\"card\" style=\"border: solid 0px;\">\n<div id=\"headingThree\" class=\"card-header\" style=\"padding: 0px !important;\"><button class=\"btn btn-link text-left collapsed\" type=\"button\" data-toggle=\"collapse\" data-target=\"#collapseThree\" aria-expanded=\"false\" aria-controls=\"collapseThree\">P18 &#8211; Convers\u00e3o de energia solar em eletricidade usando calcogenetos, perovskitas e materiais org\u00e2nicos<\/button><\/div>\n<div id=\"collapseThree\" class=\"collapse\" aria-labelledby=\"headingThree\" data-parent=\"#accordionExample\">\n<div class=\"card-body\" style=\"padding-bottom: 0px;\">\n<p><b>Coordenador do projeto:<\/b><br \/>\nJuarez Lopes Ferreira da Silva \u2013 USP \u2013 S\u00e3o Carlos Instituto de Qu\u00edmica \u2013 juarez_dasilva@iqsc.usp.br<\/p>\n<p>Este projeto visa contribuir para a gera\u00e7\u00e3o de conhecimento em novos materiais que possam ser utilizados para o desenvolvimento de c\u00e9lulas solares para a convers\u00e3o de f\u00f3tons (radia\u00e7\u00e3o eletromagn\u00e9tica) em el\u00e9trons (corrente el\u00e9trica) utilizando as seguintes classes de materiais: calcogenetos, perovskitas e materiais org\u00e2nicos. Para isso, usamos o estado da arte em m\u00e9todos computacionais atom\u00edsticos (campos de for\u00e7a cl\u00e1ssicos, teoria do funcional da densidade e t\u00e9cnicas avan\u00e7adas baseadas em fun\u00e7\u00f5es wavea). Al\u00e9m dessas t\u00e9cnicas, usaremos algoritmos de aprendizado de m\u00e1quina na explora\u00e7\u00e3o de novos materiais sempre que necess\u00e1rio.<\/p>\n<\/div>\n<\/div>\n<\/div>\n<div class=\"card\" style=\"border: solid 0px;\">\n<div id=\"headingFour\" class=\"card-header\" style=\"padding: 0px !important;\"><button class=\"btn btn-link text-left collapsed\" type=\"button\" data-toggle=\"collapse\" data-target=\"#collapseFour\" aria-expanded=\"false\" aria-controls=\"collapseThree\">P19 &#8211; Investiga\u00e7\u00f5es fundamentais de baterias e ultra (super) capacitores &#8211; uma abordagem computacional multiescala<\/button><\/div>\n<div id=\"collapseFour\" class=\"collapse\" aria-labelledby=\"headingFour\" data-parent=\"#accordionExample\">\n<div class=\"card-body\" style=\"padding-bottom: 0px;\">\n<p><b>Coordenador do projeto:<\/b><br \/>\nJuarez Lopes Ferreira da Silva \u2013 USP \u2013 S\u00e3o Carlos Instituto de Qu\u00edmica \u2013 juarez_dasilva@iqsc.usp.br<\/p>\n<p>Neste projeto propomos a aplica\u00e7\u00e3o de t\u00e9cnicas computacionais no desenvolvimento e estudo de baterias, ultra capacitores e coletores de energia a fim de melhor compreender, racionalizar e prever os mecanismos f\u00edsico-qu\u00edmicos e eletroqu\u00edmicos envolvidos em tais dispositivos. Conceitos, metodologias e abordagens &#8211; ligando as t\u00e9cnicas ab initio \u00e0 modelagem de materiais em microescala &#8211; ser\u00e3o aplicados para descrever o desempenho dos componentes dos dispositivos a serem analisados. O projeto ser\u00e1 desenvolvido em tr\u00eas linhas independentes.<\/p>\n<\/div>\n<\/div>\n<\/div>\n<div class=\"card\" style=\"border: solid 0px;\">\n<div id=\"headingFive\" class=\"card-header\" style=\"padding: 0px !important;\"><button class=\"btn btn-link text-left collapsed\" type=\"button\" data-toggle=\"collapse\" data-target=\"#collapseFive\" aria-expanded=\"false\" aria-controls=\"collapseThree\">P20 &#8211; An\u00e1lise em larga escala das propriedades do material por meio do uso de aprendizado de m\u00e1quina<\/button><\/div>\n<div id=\"collapseFive\" class=\"collapse\" aria-labelledby=\"headingFive\" data-parent=\"#accordionExample\">\n<div class=\"card-body\" style=\"padding-bottom: 0px;\">\n<p><b>Coordenador do projeto:<\/b><br \/>\nRonaldo Cristiano Prati \u2013 UFABC \u2013 ronaldo.prati@ufabc.edu.br<\/p>\n<p>O objetivo geral deste projeto \u00e9 o desenvolvimento e aplica\u00e7\u00e3o de algoritmos de aprendizado de m\u00e1quina e an\u00e1lise inteligente de dados em grandes conjuntos de dados de propriedades de materiais, em tarefas de predi\u00e7\u00e3o de propriedades e descoberta de conhecimentos que possibilitem a triagem de novos materiais em larga escala. Para isso, pretende-se aplicar esses algoritmos em reposit\u00f3rios de dados p\u00fablicos, bem como conjuntos de dados coletados a partir de c\u00e1lculos de propriedades qu\u00edmico-qu\u00e2nticas realizados por diversos membros da divis\u00e3o.<\/p>\n<\/div>\n<\/div>\n<\/div>\n<\/div>\n<p><\/p>","protected":false},"excerpt":{"rendered":"<p>Coordenador do programa Juarez Lopes Ferreira da Silva \u2013 USP \u2013 Instituto de Qu\u00edmica de S\u00e3o Carlos &#8211; juarez_dasilva@iqsc.usp.br Pesquisadores principais Ataualpa Albert Carmo Braga \u2013 USP \u2013 Instituto de Qu\u00edmica \u2013 ataualpa@iq.usp.br Ronaldo Cristiano Prati \u2013 UFABC \u2013 ronaldo.prati@ufabc.edu.br ________ Publica\u00e7\u00f5es Veja todas as publica\u00e7\u00f5es. ________ O Programa de Ci\u00eancia Computacional de Materiais e Qu\u00edmica (CMSC na sigla em ingl\u00eas) re\u00fane a expertise de jovens pesquisadores localizados nas mais&#8230;<\/p>\n","protected":false},"author":1,"featured_media":0,"parent":0,"menu_order":4,"comment_status":"closed","ping_status":"closed","template":"general_template.php","meta":{"_acf_changed":false,"_monsterinsights_skip_tracking":false,"_monsterinsights_sitenote_active":false,"_monsterinsights_sitenote_note":"","_monsterinsights_sitenote_category":0,"footnotes":""},"acf":[],"_links":{"self":[{"href":"https:\/\/www.cine.org.br\/pb\/wp-json\/wp\/v2\/pages\/1028"}],"collection":[{"href":"https:\/\/www.cine.org.br\/pb\/wp-json\/wp\/v2\/pages"}],"about":[{"href":"https:\/\/www.cine.org.br\/pb\/wp-json\/wp\/v2\/types\/page"}],"author":[{"embeddable":true,"href":"https:\/\/www.cine.org.br\/pb\/wp-json\/wp\/v2\/users\/1"}],"replies":[{"embeddable":true,"href":"https:\/\/www.cine.org.br\/pb\/wp-json\/wp\/v2\/comments?post=1028"}],"version-history":[{"count":44,"href":"https:\/\/www.cine.org.br\/pb\/wp-json\/wp\/v2\/pages\/1028\/revisions"}],"predecessor-version":[{"id":9593,"href":"https:\/\/www.cine.org.br\/pb\/wp-json\/wp\/v2\/pages\/1028\/revisions\/9593"}],"wp:attachment":[{"href":"https:\/\/www.cine.org.br\/pb\/wp-json\/wp\/v2\/media?parent=1028"}],"curies":[{"name":"wp","href":"https:\/\/api.w.org\/{rel}","templated":true}]}}