{"id":1022,"date":"2019-03-22T10:50:17","date_gmt":"2019-03-22T13:50:17","guid":{"rendered":"http:\/\/cine.org.br\/new\/?page_id=1022"},"modified":"2024-05-29T14:50:35","modified_gmt":"2024-05-29T17:50:35","slug":"dense-energy-carriers","status":"publish","type":"page","link":"https:\/\/www.cine.org.br\/pb\/dense-energy-carriers\/","title":{"rendered":"Portadores Densos de Energia"},"content":{"rendered":"<p><img loading=\"lazy\" decoding=\"async\" class=\"aligncenter wp-image-9458 size-large\" src=\"https:\/\/hub.aptor.software\/cine2024\/wp-content\/uploads\/2024\/05\/webbannerssite_dense_energy_carriers-1024x256.png\" alt=\"\" width=\"1024\" height=\"256\" srcset=\"https:\/\/www.cine.org.br\/wp-content\/uploads\/2024\/05\/webbannerssite_dense_energy_carriers-1024x256.png 1024w, https:\/\/www.cine.org.br\/wp-content\/uploads\/2024\/05\/webbannerssite_dense_energy_carriers-300x75.png 300w, https:\/\/www.cine.org.br\/wp-content\/uploads\/2024\/05\/webbannerssite_dense_energy_carriers-768x192.png 768w, https:\/\/www.cine.org.br\/wp-content\/uploads\/2024\/05\/webbannerssite_dense_energy_carriers.png 1360w\" sizes=\"(max-width: 1024px) 100vw, 1024px\" \/><\/p>\n<hr class=\"invisible my-3\">\n<b>Coordenadora do programa<\/b><br \/>\n<a href=\"http:\/\/buscatextual.cnpq.br\/buscatextual\/visualizacv.do?id=K4798253D0\">Ana Flavia Nogueira<\/a> \u2013 UNICAMP \u2013 Instituto de Qu\u00edmica \u2013 anafla@unicamp.br<\/p>\n<p><b>Pesquisadores principais<\/b><br \/>\nClaudia Longo \u2013 UNICAMP \u2013 Instituto de Qu\u00edmica \u2013 clalongo@unicamp.br<br \/>\nErnesto C. Pereira \u2013 UFSCar \u2013 Departamento de Qu\u00edmica \u2013 ernesto@ufscar.br<br \/>\nFl\u00e1vio Leandro de Souza \u2013 UFABC \u2013 flavio.souza@ufabc.edu.br<br \/>\nPablo Sebasti\u00e1n Fern\u00e1ndez \u2013 UNICAMP \u2013 Instituto de Qu\u00edmica \u2013 pablosf@unicamp.br<\/p>\n<p><!--a href=\"..\/pesquisadores\/pesq-program-1-dense-energy-carriers\/\">Veja toda a equipe.<\/a--><\/p>\n<p>________<\/p>\n<p><b>Publica\u00e7\u00f5es<\/b><br \/>\n<a href=\"publicacoes\/?division=dec\" target=\"_blank\" rel=\"noopener\">Veja a lista de publica\u00e7\u00f5es.<\/a><br \/>\n________<\/p>\n<p>As mol\u00e9culas oferecem as maiores densidades de energia em compara\u00e7\u00e3o com qualquer forma de armazenamento de eletricidade e, portanto, s\u00e3o chamadas de portadores densos de energia (DEC, na sigla em ingl\u00eas). No entanto, a maioria das mol\u00e9culas utilizadas como combust\u00edvel hoje em dia s\u00e3o processadas por meio de tecnologias n\u00e3o renov\u00e1veis \u200b\u200be n\u00e3o sustent\u00e1veis \u200b\u200bou por tecnologias de biocombust\u00edveis.<\/p>\n<p>O Programa DEC do CINE foi proposto para fazer uso do Sol, uma fonte de energia limpa e abundante, para moldar um futuro mais sustent\u00e1vel e pr\u00f3spero. Pretendemos atingir este objetivo muito nobre atrav\u00e9s do desenvolvimento de processos e fotocatalisadores eficientes e de baixo custo capazes de converter a luz solar em eletricidade, transformando \u00e1gua, CO2 e biomassa em produtos mais valiosos como hidrog\u00eanio, \u00e1lcoois, hidrocarbonetos e outras mol\u00e9culas de C2 +, etc. .<\/p>\n<p>Certamente, rotas movidas a energia solar para sintetizar mol\u00e9culas baseadas na abordagem fotoeletroqu\u00edmica s\u00e3o alternativas a serem exploradas para produzir combust\u00edvel l\u00edquido dentro de um conceito sustent\u00e1vel e \u201cverde\u201d. Portanto, o foco desta divis\u00e3o de pesquisa \u00e9 o desenvolvimento de rotas eficientes movidas a energia solar para sintetizar combust\u00edveis solares relevantes a partir de mol\u00e9culas amplamente dispon\u00edveis no meio ambiente.<\/p>\n<p>O Programa DEC tamb\u00e9m tem como objetivo fazer uso de t\u00e9cnicas <em>in situ<\/em> e <em>operando<\/em> (acopladas ou n\u00e3o \u00e0 radia\u00e7\u00e3o s\u00edncrotron) para entender os mecanismos de gera\u00e7\u00e3o, separa\u00e7\u00e3o e transporte de cargas, e como a natureza e propriedades dos fotocatalisadores se alteram durante a opera\u00e7\u00e3o.<\/p>\n<p>Materiais emergentes como perovskitas halogenadas tamb\u00e9m est\u00e3o sendo explorados para desenvolver c\u00e9lulas fotovoltaicas eficientes. Propomos estudar fundamentos de perovskitas de haletos, tais como defeitos, estabilidade, composi\u00e7\u00e3o e desempenho, e assim desenvolver m\u00f3dulos solares de grande \u00e1rea para serem acoplados aos sistemas fotoeletrocatal\u00edticos.<\/p>\n<p>________<\/p>\n<p><b>Projetos<\/b><\/p>\n<div id=\"accordionExample\" class=\"accordion\">\n<div class=\"card\" style=\"border: solid 0px;\">\n<div id=\"headingOne\" class=\"card-header\" style=\"padding: 0px !important;\"><button class=\"btn btn-link text-left\" type=\"button\" data-toggle=\"collapse\" data-target=\"#collapseOne\" aria-expanded=\"true\" aria-controls=\"collapseOne\">P1 &#8211; S\u00edntese de novos materiais de eletrodo para separa\u00e7\u00e3o de \u00e1gua<\/button><\/div>\n<div id=\"collapseOne\" class=\"collapse\" aria-labelledby=\"headingOne\" data-parent=\"#accordionExample\">\n<div class=\"card-body\" style=\"padding-bottom: 0px;\">\n<p><b>Coordenador do projeto:<\/b><br \/>\nErnesto C. Pereira \u2013 UFSCar \u2013 Departamento de Qu\u00edmica \u2013 ernesto@ufscar.br<\/p>\n<p>O objetivo principal deste projeto \u00e9 a s\u00edntese de materiais funcionais de \u00f3xidos, selenetos e sulfetos com controle de composi\u00e7\u00e3o, microestrutura, espessura de filme e morfologia, os quais ser\u00e3o produzidos por rea\u00e7\u00f5es fotoeletroqu\u00edmicas de baixo custo e alta efici\u00eancia. Al\u00e9m disso, ser\u00e1 desenvolvida investiga\u00e7\u00e3o fundamental da rea\u00e7\u00e3o usando m\u00e9todos experimentais e computacionais. Como o foco principal de s\u00edntese visa o controle dessas propriedades, espera-se correlacionar as caracter\u00edsticas adequadas de cada um dos materiais com sua fotoatividade. Assim, o objetivo \u00e9 melhorar significativamente as propriedades fotoeletrocatal\u00edticas desses materiais, seja pelo aumento da fotocorrente, que na literatura tem uma faixa de 0,01 a 3,0 mA cm-2, seja pelo aumento da estabilidade do material.<\/p>\n<\/div>\n<\/div>\n<\/div>\n<div class=\"card\" style=\"border: solid 0px;\">\n<div id=\"headingTwo\" class=\"card-header\" style=\"padding: 0px !important;\"><button class=\"btn btn-link text-left collapsed\" type=\"button\" data-toggle=\"collapse\" data-target=\"#collapseTwo\" aria-expanded=\"false\" aria-controls=\"collapseTwo\">P2 &#8211; C\u00e9lulas solares de perovskita para fotoss\u00edntese artificial<\/button><\/div>\n<div id=\"collapseTwo\" class=\"collapse\" aria-labelledby=\"headingTwo\" data-parent=\"#accordionExample\">\n<div class=\"card-body\" style=\"padding-bottom: 0px;\">\n<p><b>Coordenadora do projeto:<\/b><br \/>\nAna Flavia Nogueira\u2013 UNICAMP \u2013 Instituto de Qu\u00edmica \u2013 anafla@unicamp.br<\/p>\n<p>Este projeto visa o desenvolvimento de c\u00e9lulas solares eficientes \u00e0 base de perovskitas halogenadas com multica\u00e7\u00f5es para auxiliar os processos fotoeletroqu\u00edmicos de gera\u00e7\u00e3o de hidrog\u00eanio a partir da \u00e1gua e redu\u00e7\u00e3o de di\u00f3xido de carbono. O projeto tamb\u00e9m inclui (i) estudos f\u00edsico-qu\u00edmicos e estruturais desta classe de semicondutores como defeitos, estabilidade, composi\u00e7\u00e3o, mecanismos de forma\u00e7\u00e3o, morfologia, etc (ii) s\u00edntese e caracteriza\u00e7\u00e3o de perovskitas livres de chumbo e novas camadas de buraco e transporte de el\u00e9trons e (iii) ) desenvolvimento de dispositivos eficientes em escala de laborat\u00f3rio (efici\u00eancia&gt; 20%) e grandes m\u00f3dulos solares baseados na configura\u00e7\u00e3o do n-i-p.<\/p>\n<\/div>\n<\/div>\n<\/div>\n<div class=\"card\" style=\"border: solid 0px;\">\n<div id=\"headingThree\" class=\"card-header\" style=\"padding: 0px !important;\"><button class=\"btn btn-link text-left collapsed\" type=\"button\" data-toggle=\"collapse\" data-target=\"#collapseThree\" aria-expanded=\"false\" aria-controls=\"collapseThree\">P3 &#8211; In operando t\u00e9cnicas para elucida\u00e7\u00e3o dos mecanismos de rea\u00e7\u00e3o e caracteriza\u00e7\u00e3o simult\u00e2nea dos catalisadores<\/button><\/div>\n<div id=\"collapseThree\" class=\"collapse\" aria-labelledby=\"headingThree\" data-parent=\"#accordionExample\">\n<div class=\"card-body\" style=\"padding-bottom: 0px;\">\n<p><b>Coordenador do projeto:<\/b><br \/>\nPablo Sebasti\u00e1n Fern\u00e1ndez \u2013 UNICAMP \u2013 Instituto de Qu\u00edmica \u2013 pablosf@unicamp.br<\/p>\n<p>O principal objetivo deste projeto \u00e9 o desenvolvimento de uma instrumenta\u00e7\u00e3o vers\u00e1til para realizar in situ e \/ ou operando rea\u00e7\u00f5es eletroqu\u00edmicas e fotoeletroqu\u00edmicas sob condi\u00e7\u00f5es operacionais controladas. Muitos catalisadores \u00e0 base de metais e nanopart\u00edculas semicondutoras ser\u00e3o investigados para potencializar as rea\u00e7\u00f5es. Pretendemos aprofundar a compreens\u00e3o da rela\u00e7\u00e3o entre estrutura-atividade \/ seletividade dos catalisadores, identifica\u00e7\u00e3o de intermedi\u00e1rios e mecanismos de rea\u00e7\u00e3o visando o desenvolvimento de novos materiais para convers\u00e3o de energia.<\/p>\n<\/div>\n<\/div>\n<\/div>\n<div class=\"card\" style=\"border: solid 0px;\">\n<div id=\"headingFour\" class=\"card-header\" style=\"padding: 0px !important;\"><button class=\"btn btn-link text-left collapsed\" type=\"button\" data-toggle=\"collapse\" data-target=\"#collapseFour\" aria-expanded=\"false\" aria-controls=\"collapseThree\">P4 &#8211; Produ\u00e7\u00e3o sustent\u00e1vel de combust\u00edveis a partir da redu\u00e7\u00e3o de CO2<\/button><\/div>\n<div id=\"collapseFour\" class=\"collapse\" aria-labelledby=\"headingFour\" data-parent=\"#accordionExample\">\n<div class=\"card-body\" style=\"padding-bottom: 0px;\">\n<p><b>Coordenadora do projeto:<\/b><br \/>\nClaudia Longo \u2013 UNICAMP \u2013 Instituto de Qu\u00edmica \u2013 clalongo@unicamp.br<\/p>\n<p>O objetivo principal deste projeto \u00e9 o desenvolvimento de processos sustent\u00e1veis, conduzidos por energia solar, para converter CO2 \u00a0a \u00e1lcoois, hidrocarbonetos e produtos qu\u00edmicos de maior valor agregado atrav\u00e9s da eletr\u00f3lise de CO2 em solu\u00e7\u00f5es aquosas. Os objetivos espec\u00edficos incluem: (i) a \u00a0s\u00edntese de fotocatalisadores (\u00f3xidos met\u00e1licos semicondutores); (ii) a aplica\u00e7\u00e3o de semicondutores do tipo n em fotoanodos para rea\u00e7\u00e3o de desprendimento de O2; (iii) o desenvolvimento de fotoc\u00e1todos para redu\u00e7\u00e3o de CO2 com semicondutores do tipo p imobilizados em eletrodos de difus\u00e3o gasosa; (iv) a associa\u00e7\u00e3o do fotoanodo e do fotoc\u00e1todo em um eletrolisador conduzido por energia solar para convers\u00e3o fotoeletroquimica \u00a0de CO2 em combust\u00edveis solares.<\/p>\n<\/div>\n<\/div>\n<\/div>\n<div class=\"card\" style=\"border: solid 0px;\">\n<div id=\"headingFive\" class=\"card-header\" style=\"padding: 0px !important;\"><button class=\"btn btn-link text-left collapsed\" type=\"button\" data-toggle=\"collapse\" data-target=\"#collapseFive\" aria-expanded=\"false\" aria-controls=\"collapseThree\">P5 &#8211; Ativa\u00e7\u00e3o de superf\u00edcie de metal\u00f3xidos para rea\u00e7\u00f5es de oxida\u00e7\u00e3o da \u00e1gua auxiliada pela luz solar<\/button><\/div>\n<div id=\"collapseFive\" class=\"collapse\" aria-labelledby=\"headingFive\" data-parent=\"#accordionExample\">\n<div class=\"card-body\" style=\"padding-bottom: 0px;\">\n<p><b>Coordenador do projeto:<\/b><br \/>\nFl\u00e1vio Leandro de Souza \u2013 UFABC \u2013 flavio.souza@ufabc.edu.br<\/p>\n<p>O objetivo principal deste projeto \u00e9 o desenvolvimento de nanomateriais de baixo custo \u00e0 base de \u00f3xidos de metais de transi\u00e7\u00e3o para aplica\u00e7\u00e3o como fotoanodos em c\u00e9lulas fotoeletroqu\u00edmicas para gerar hidrog\u00eanio e oxig\u00eanio a partir da quebra da mol\u00e9cula de \u00e1gua. O projeto tamb\u00e9m inclui (i) estudos fundamentais de interfaces s\u00f3lido-s\u00f3lido e s\u00f3lido-l\u00edquido e (ii) compreens\u00e3o do efeito da temperatura, dopantes nas propriedades \u00f3pticas, eletr\u00f4nicas e fotoeletrocatal\u00edticas dos semicondutores.<\/p>\n<\/div>\n<\/div>\n<\/div>\n<\/div>\n<p><\/p>","protected":false},"excerpt":{"rendered":"<p>Coordenadora do programa Ana Flavia Nogueira \u2013 UNICAMP \u2013 Instituto de Qu\u00edmica \u2013 anafla@unicamp.br Pesquisadores principais Claudia Longo \u2013 UNICAMP \u2013 Instituto de Qu\u00edmica \u2013 clalongo@unicamp.br Ernesto C. Pereira \u2013 UFSCar \u2013 Departamento de Qu\u00edmica \u2013 ernesto@ufscar.br Fl\u00e1vio Leandro de Souza \u2013 UFABC \u2013 flavio.souza@ufabc.edu.br Pablo Sebasti\u00e1n Fern\u00e1ndez \u2013 UNICAMP \u2013 Instituto de Qu\u00edmica \u2013 pablosf@unicamp.br ________ Publica\u00e7\u00f5es Veja a lista de publica\u00e7\u00f5es. ________ As mol\u00e9culas oferecem as maiores densidades&#8230;<\/p>\n","protected":false},"author":1,"featured_media":0,"parent":0,"menu_order":1,"comment_status":"closed","ping_status":"closed","template":"general_template.php","meta":{"_acf_changed":false,"_monsterinsights_skip_tracking":false,"_monsterinsights_sitenote_active":false,"_monsterinsights_sitenote_note":"","_monsterinsights_sitenote_category":0,"footnotes":""},"acf":[],"_links":{"self":[{"href":"https:\/\/www.cine.org.br\/pb\/wp-json\/wp\/v2\/pages\/1022"}],"collection":[{"href":"https:\/\/www.cine.org.br\/pb\/wp-json\/wp\/v2\/pages"}],"about":[{"href":"https:\/\/www.cine.org.br\/pb\/wp-json\/wp\/v2\/types\/page"}],"author":[{"embeddable":true,"href":"https:\/\/www.cine.org.br\/pb\/wp-json\/wp\/v2\/users\/1"}],"replies":[{"embeddable":true,"href":"https:\/\/www.cine.org.br\/pb\/wp-json\/wp\/v2\/comments?post=1022"}],"version-history":[{"count":155,"href":"https:\/\/www.cine.org.br\/pb\/wp-json\/wp\/v2\/pages\/1022\/revisions"}],"predecessor-version":[{"id":9594,"href":"https:\/\/www.cine.org.br\/pb\/wp-json\/wp\/v2\/pages\/1022\/revisions\/9594"}],"wp:attachment":[{"href":"https:\/\/www.cine.org.br\/pb\/wp-json\/wp\/v2\/media?parent=1022"}],"curies":[{"name":"wp","href":"https:\/\/api.w.org\/{rel}","templated":true}]}}